{"id":585,"date":"2019-05-29T13:51:40","date_gmt":"2019-05-29T11:51:40","guid":{"rendered":"https:\/\/www.egarter-eppan.it\/apartment-suedtirol-egarter\/"},"modified":"2023-03-09T11:56:47","modified_gmt":"2023-03-09T10:56:47","slug":"apartment-suedtirol-egarter","status":"publish","type":"page","link":"https:\/\/www.egarter-eppan.it\/it\/apartment-suedtirol-egarter\/","title":{"rendered":"Contatto"},"content":{"rendered":"","protected":false},"excerpt":{"rendered":"","protected":false},"author":1,"featured_media":0,"parent":0,"menu_order":0,"comment_status":"closed","ping_status":"closed","template":"template-kontakt.php","meta":[],"acf":[],"yoast_head":"<!-- This site is optimized with the Yoast SEO plugin v20.3 - https:\/\/yoast.com\/wordpress\/plugins\/seo\/ -->\n<title>Inviare una richiesta e prenotare dove \u00e8 pi\u00f9 conveniente.<\/title>\n<meta name=\"description\" content=\"Inviare una richiesta e prenotare dove \u00e8 pi\u00f9 conveniente. Situato sulla Strada del Vino dell\u2019Alto Adige e sul Lago di Caldaro, vicino al campo da golf.\" \/>\n<meta name=\"robots\" content=\"index, follow, max-snippet:-1, max-image-preview:large, max-video-preview:-1\" \/>\n<link rel=\"canonical\" href=\"https:\/\/www.egarter-eppan.it\/it\/apartment-suedtirol-egarter\/\" \/>\n<meta property=\"og:locale\" content=\"it_IT\" \/>\n<meta property=\"og:type\" content=\"article\" \/>\n<meta property=\"og:title\" content=\"Inviare una richiesta e prenotare dove \u00e8 pi\u00f9 conveniente.\" \/>\n<meta property=\"og:description\" content=\"Inviare una richiesta e prenotare dove \u00e8 pi\u00f9 conveniente. Situato sulla Strada del Vino dell\u2019Alto Adige e sul Lago di Caldaro, vicino al campo da golf.\" \/>\n<meta property=\"og:url\" content=\"https:\/\/www.egarter-eppan.it\/it\/apartment-suedtirol-egarter\/\" \/>\n<meta property=\"og:site_name\" content=\"Egarter\" \/>\n<meta property=\"article:modified_time\" content=\"2023-03-09T10:56:47+00:00\" \/>\n<meta name=\"twitter:card\" content=\"summary_large_image\" \/>\n<script type=\"application\/ld+json\" class=\"yoast-schema-graph\">{\"@context\":\"https:\/\/schema.org\",\"@graph\":[{\"@type\":\"WebPage\",\"@id\":\"https:\/\/www.egarter-eppan.it\/it\/apartment-suedtirol-egarter\/\",\"url\":\"https:\/\/www.egarter-eppan.it\/it\/apartment-suedtirol-egarter\/\",\"name\":\"Inviare una richiesta e prenotare dove \u00e8 pi\u00f9 conveniente.\",\"isPartOf\":{\"@id\":\"https:\/\/www.egarter-eppan.it\/#website\"},\"datePublished\":\"2019-05-29T11:51:40+00:00\",\"dateModified\":\"2023-03-09T10:56:47+00:00\",\"description\":\"Inviare una richiesta e prenotare dove \u00e8 pi\u00f9 conveniente. Situato sulla Strada del Vino dell\u2019Alto Adige e sul Lago di Caldaro, vicino al campo da golf.\",\"breadcrumb\":{\"@id\":\"https:\/\/www.egarter-eppan.it\/it\/apartment-suedtirol-egarter\/#breadcrumb\"},\"inLanguage\":\"it-IT\",\"potentialAction\":[{\"@type\":\"ReadAction\",\"target\":[\"https:\/\/www.egarter-eppan.it\/it\/apartment-suedtirol-egarter\/\"]}]},{\"@type\":\"BreadcrumbList\",\"@id\":\"https:\/\/www.egarter-eppan.it\/it\/apartment-suedtirol-egarter\/#breadcrumb\",\"itemListElement\":[{\"@type\":\"ListItem\",\"position\":1,\"name\":\"Home\",\"item\":\"https:\/\/www.egarter-eppan.it\/it\/\"},{\"@type\":\"ListItem\",\"position\":2,\"name\":\"Contatto\"}]},{\"@type\":\"WebSite\",\"@id\":\"https:\/\/www.egarter-eppan.it\/#website\",\"url\":\"https:\/\/www.egarter-eppan.it\/\",\"name\":\"Egarter\",\"description\":\"\",\"potentialAction\":[{\"@type\":\"SearchAction\",\"target\":{\"@type\":\"EntryPoint\",\"urlTemplate\":\"https:\/\/www.egarter-eppan.it\/?s={search_term_string}\"},\"query-input\":\"required name=search_term_string\"}],\"inLanguage\":\"it-IT\"}]}<\/script>\n<!-- \/ Yoast SEO plugin. -->","yoast_head_json":{"title":"Inviare una richiesta e prenotare dove \u00e8 pi\u00f9 conveniente.","description":"Inviare una richiesta e prenotare dove \u00e8 pi\u00f9 conveniente. Situato sulla Strada del Vino dell\u2019Alto Adige e sul Lago di Caldaro, vicino al campo da golf.","robots":{"index":"index","follow":"follow","max-snippet":"max-snippet:-1","max-image-preview":"max-image-preview:large","max-video-preview":"max-video-preview:-1"},"canonical":"https:\/\/www.egarter-eppan.it\/it\/apartment-suedtirol-egarter\/","og_locale":"it_IT","og_type":"article","og_title":"Inviare una richiesta e prenotare dove \u00e8 pi\u00f9 conveniente.","og_description":"Inviare una richiesta e prenotare dove \u00e8 pi\u00f9 conveniente. Situato sulla Strada del Vino dell\u2019Alto Adige e sul Lago di Caldaro, vicino al campo da golf.","og_url":"https:\/\/www.egarter-eppan.it\/it\/apartment-suedtirol-egarter\/","og_site_name":"Egarter","article_modified_time":"2023-03-09T10:56:47+00:00","twitter_card":"summary_large_image","schema":{"@context":"https:\/\/schema.org","@graph":[{"@type":"WebPage","@id":"https:\/\/www.egarter-eppan.it\/it\/apartment-suedtirol-egarter\/","url":"https:\/\/www.egarter-eppan.it\/it\/apartment-suedtirol-egarter\/","name":"Inviare una richiesta e prenotare dove \u00e8 pi\u00f9 conveniente.","isPartOf":{"@id":"https:\/\/www.egarter-eppan.it\/#website"},"datePublished":"2019-05-29T11:51:40+00:00","dateModified":"2023-03-09T10:56:47+00:00","description":"Inviare una richiesta e prenotare dove \u00e8 pi\u00f9 conveniente. Situato sulla Strada del Vino dell\u2019Alto Adige e sul Lago di Caldaro, vicino al campo da golf.","breadcrumb":{"@id":"https:\/\/www.egarter-eppan.it\/it\/apartment-suedtirol-egarter\/#breadcrumb"},"inLanguage":"it-IT","potentialAction":[{"@type":"ReadAction","target":["https:\/\/www.egarter-eppan.it\/it\/apartment-suedtirol-egarter\/"]}]},{"@type":"BreadcrumbList","@id":"https:\/\/www.egarter-eppan.it\/it\/apartment-suedtirol-egarter\/#breadcrumb","itemListElement":[{"@type":"ListItem","position":1,"name":"Home","item":"https:\/\/www.egarter-eppan.it\/it\/"},{"@type":"ListItem","position":2,"name":"Contatto"}]},{"@type":"WebSite","@id":"https:\/\/www.egarter-eppan.it\/#website","url":"https:\/\/www.egarter-eppan.it\/","name":"Egarter","description":"","potentialAction":[{"@type":"SearchAction","target":{"@type":"EntryPoint","urlTemplate":"https:\/\/www.egarter-eppan.it\/?s={search_term_string}"},"query-input":"required name=search_term_string"}],"inLanguage":"it-IT"}]}},"_links":{"self":[{"href":"https:\/\/www.egarter-eppan.it\/it\/wp-json\/wp\/v2\/pages\/585"}],"collection":[{"href":"https:\/\/www.egarter-eppan.it\/it\/wp-json\/wp\/v2\/pages"}],"about":[{"href":"https:\/\/www.egarter-eppan.it\/it\/wp-json\/wp\/v2\/types\/page"}],"author":[{"embeddable":true,"href":"https:\/\/www.egarter-eppan.it\/it\/wp-json\/wp\/v2\/users\/1"}],"replies":[{"embeddable":true,"href":"https:\/\/www.egarter-eppan.it\/it\/wp-json\/wp\/v2\/comments?post=585"}],"version-history":[{"count":12,"href":"https:\/\/www.egarter-eppan.it\/it\/wp-json\/wp\/v2\/pages\/585\/revisions"}],"predecessor-version":[{"id":1438,"href":"https:\/\/www.egarter-eppan.it\/it\/wp-json\/wp\/v2\/pages\/585\/revisions\/1438"}],"wp:attachment":[{"href":"https:\/\/www.egarter-eppan.it\/it\/wp-json\/wp\/v2\/media?parent=585"}],"curies":[{"name":"wp","href":"https:\/\/api.w.org\/{rel}","templated":true}]}}